{"id":30,"date":"2021-12-17T13:39:47","date_gmt":"2021-12-17T13:39:47","guid":{"rendered":"https:\/\/www.shakespeares.pt\/library\/courses\/"},"modified":"2022-01-27T14:20:29","modified_gmt":"2022-01-27T14:20:29","slug":"info","status":"publish","type":"page","link":"https:\/\/www.shakespeares.pt\/library\/info\/","title":{"rendered":"Info"},"content":{"rendered":"\t\t<div data-elementor-type=\"wp-page\" data-elementor-id=\"30\" class=\"elementor elementor-30\">\n\t\t\t\t\t\t<section class=\"elementor-section elementor-top-section elementor-element elementor-element-cbf4da7 elementor-section-boxed elementor-section-height-default elementor-section-height-default\" data-id=\"cbf4da7\" data-element_type=\"section\" data-e-type=\"section\">\n\t\t\t\t\t\t<div class=\"elementor-container elementor-column-gap-default\">\n\t\t\t\t\t<div class=\"elementor-column elementor-col-100 elementor-top-column elementor-element elementor-element-1930f3f\" data-id=\"1930f3f\" data-element_type=\"column\" data-e-type=\"column\">\n\t\t\t<div class=\"elementor-widget-wrap elementor-element-populated\">\n\t\t\t\t\t\t<div class=\"elementor-element elementor-element-0763bd7 elementor-widget elementor-widget-text-editor\" data-id=\"0763bd7\" data-element_type=\"widget\" data-e-type=\"widget\" data-widget_type=\"text-editor.default\">\n\t\t\t\t<div class=\"elementor-widget-container\">\n\t\t\t\t\t\t\t\t\t<b><span lang=\"EN-US\" style=\"font-size:14.0pt;\nline-height:107%;font-family:&quot;Arial&quot;,sans-serif;mso-fareast-font-family:&quot;Times New Roman&quot;;\ncolor:maroon;mso-ansi-language:EN-US;mso-fareast-language:PT;mso-bidi-language:\nAR-SA\">Pol\u00edtica de privacidade e seguran\u00e7a do Centro de Ensino de L\u00ednguas<\/span><\/b>\t\t\t\t\t\t\t\t<\/div>\n\t\t\t\t<\/div>\n\t\t\t\t<div class=\"elementor-element elementor-element-82de613 elementor-widget elementor-widget-text-editor\" data-id=\"82de613\" data-element_type=\"widget\" data-e-type=\"widget\" data-widget_type=\"text-editor.default\">\n\t\t\t\t<div class=\"elementor-widget-container\">\n\t\t\t\t\t\t\t\t\t<b><span lang=\"EN-US\" style=\"font-size:12.0pt;\nline-height:107%;font-family:&quot;Arial&quot;,sans-serif;mso-fareast-font-family:&quot;Times New Roman&quot;;\ncolor:black;mso-ansi-language:EN-US;mso-fareast-language:PT;mso-bidi-language:\nAR-SA\">1. Compromisso<\/span><\/b>\t\t\t\t\t\t\t\t<\/div>\n\t\t\t\t<\/div>\n\t\t\t\t<div class=\"elementor-element elementor-element-de6a48b elementor-widget elementor-widget-text-editor\" data-id=\"de6a48b\" data-element_type=\"widget\" data-e-type=\"widget\" data-widget_type=\"text-editor.default\">\n\t\t\t\t<div class=\"elementor-widget-container\">\n\t\t\t\t\t\t\t\t\t<p class=\"MsoNormal\" style=\"text-align: justify; line-height: normal; margin: 9.0pt 0cm 9.0pt 0cm;\"><span style=\"font-size: 12.0pt; font-family: 'Arial',sans-serif; mso-fareast-font-family: 'Times New Roman'; color: #333333; mso-fareast-language: PT;\">O Centro de Ensino de L\u00ednguas, Lda sempre se pautou pelo respeito pela sua privacidade. Nesse sentido, convidamo-lo a ler a nossa Pol\u00edtica de Privacidade que descreve como tratamos os seus dados pessoais e como pode exercer os seus direitos enquanto titular de dados pessoais tratados pelo Centro de Ensino de L\u00ednguas.<\/span><\/p>\n\t\t\t\t\t\t\t\t<\/div>\n\t\t\t\t<\/div>\n\t\t\t\t<div class=\"elementor-element elementor-element-099280a elementor-widget elementor-widget-text-editor\" data-id=\"099280a\" data-element_type=\"widget\" data-e-type=\"widget\" data-widget_type=\"text-editor.default\">\n\t\t\t\t<div class=\"elementor-widget-container\">\n\t\t\t\t\t\t\t\t\t<b><span lang=\"EN-US\" style=\"font-size:12.0pt;\nline-height:107%;font-family:&quot;Arial&quot;,sans-serif;mso-fareast-font-family:&quot;Times New Roman&quot;;\ncolor:black;mso-ansi-language:EN-US;mso-fareast-language:PT;mso-bidi-language:\nAR-SA\">2. O respons\u00e1vel pelo tratamento de dados<\/span><\/b>\t\t\t\t\t\t\t\t<\/div>\n\t\t\t\t<\/div>\n\t\t\t\t<div class=\"elementor-element elementor-element-f6085a4 elementor-widget elementor-widget-text-editor\" data-id=\"f6085a4\" data-element_type=\"widget\" data-e-type=\"widget\" data-widget_type=\"text-editor.default\">\n\t\t\t\t<div class=\"elementor-widget-container\">\n\t\t\t\t\t\t\t\t\t<p class=\"MsoNormal\" style=\"text-align: justify; line-height: normal; margin: 9.0pt 0cm 9.0pt 0cm;\"><span style=\"font-size: 12.0pt; font-family: 'Arial',sans-serif; mso-fareast-font-family: 'Times New Roman'; color: #333333; mso-fareast-language: PT;\">No \u00e2mbito das suas atividades e atribui\u00e7\u00f5es, o Centro de Ensino de L\u00ednguas \u00e9 a entidade respons\u00e1vel pela recolha e tratamento de dados pessoais, os quais s\u00e3o processados e armazenados de forma automatizada e n\u00e3o automatizada.<\/span><\/p><p class=\"MsoNormal\" style=\"text-align: justify; line-height: normal; margin: 9.0pt 0cm 9.0pt 0cm;\"><span style=\"font-size: 12.0pt; font-family: 'Arial',sans-serif; mso-fareast-font-family: 'Times New Roman'; color: #333333; mso-fareast-language: PT;\">Nome: Centro de Ensino de L\u00ednguas, Lda<\/span><\/p>\n<p class=\"MsoNormal\" style=\"text-align: justify; line-height: normal; margin: 9.0pt 0cm 9.0pt 0cm;\"><span style=\"font-size: 12.0pt; font-family: 'Arial',sans-serif; mso-fareast-font-family: 'Times New Roman'; color: #333333; mso-fareast-language: PT;\">Sede: Rua de Soutelo, 91\/95 R\/ch 4435-455 Rio Tinto<\/span><\/p>\n<p class=\"MsoNormal\" style=\"text-align: justify; line-height: normal; margin: 9.0pt 0cm 9.0pt 0cm;\"><span style=\"font-size: 12.0pt; font-family: 'Arial',sans-serif; mso-fareast-font-family: 'Times New Roman'; color: #333333; mso-fareast-language: PT;\">NIF: 502262885<\/span><\/p>\n<p class=\"MsoNormal\" style=\"text-align: justify; line-height: normal; margin: 9.0pt 0cm 9.0pt 0cm;\"><span style=\"font-size: 12.0pt; font-family: 'Arial',sans-serif; mso-fareast-font-family: 'Times New Roman'; color: #333333; mso-fareast-language: PT;\">Contacto: 224800758  \/  934965658<\/span><\/p>\n<p class=\"MsoNormal\" style=\"text-align: justify; line-height: normal; margin: 9.0pt 0cm 9.0pt 0cm;\"><span style=\"font-size: 12.0pt; font-family: 'Arial',sans-serif; mso-fareast-font-family: 'Times New Roman'; color: #333333; mso-fareast-language: PT;\">Email: rgpd@shakespeares.com.pt<\/span><\/p>\t\t\t\t\t\t\t\t<\/div>\n\t\t\t\t<\/div>\n\t\t\t\t<div class=\"elementor-element elementor-element-8c3d96e elementor-widget elementor-widget-text-editor\" data-id=\"8c3d96e\" data-element_type=\"widget\" data-e-type=\"widget\" data-widget_type=\"text-editor.default\">\n\t\t\t\t<div class=\"elementor-widget-container\">\n\t\t\t\t\t\t\t\t\t<p><b><span lang=\"EN-US\" style=\"font-size: 12.0pt; line-height: 107%; font-family: 'Arial',sans-serif; mso-fareast-font-family: 'Times New Roman'; color: black; mso-ansi-language: EN-US; mso-fareast-language: PT; mso-bidi-language: AR-SA;\">3. Dados Pessoais, titulares de dados pessoais e categorias de dados pessoais<\/span><\/b><\/p>\t\t\t\t\t\t\t\t<\/div>\n\t\t\t\t<\/div>\n\t\t\t\t<div class=\"elementor-element elementor-element-5ee8ee4 elementor-widget elementor-widget-text-editor\" data-id=\"5ee8ee4\" data-element_type=\"widget\" data-e-type=\"widget\" data-widget_type=\"text-editor.default\">\n\t\t\t\t<div class=\"elementor-widget-container\">\n\t\t\t\t\t\t\t\t\t<b><span lang=\"EN-US\" style=\"font-size:12.0pt;\nline-height:107%;font-family:&quot;Arial&quot;,sans-serif;mso-fareast-font-family:&quot;Times New Roman&quot;;\ncolor:black;mso-ansi-language:EN-US;mso-fareast-language:PT;mso-bidi-language:\nAR-SA\">O que s\u00e3o dados pessoais?<\/span><\/b>\t\t\t\t\t\t\t\t<\/div>\n\t\t\t\t<\/div>\n\t\t\t\t<div class=\"elementor-element elementor-element-b21494c elementor-widget elementor-widget-text-editor\" data-id=\"b21494c\" data-element_type=\"widget\" data-e-type=\"widget\" data-widget_type=\"text-editor.default\">\n\t\t\t\t<div class=\"elementor-widget-container\">\n\t\t\t\t\t\t\t\t\t<p class=\"MsoNormal\" style=\"text-align: justify; line-height: normal; margin: 9.0pt 0cm 9.0pt 0cm;\"><span style=\"font-size: 12.0pt; font-family: 'Arial',sans-serif; mso-fareast-font-family: 'Times New Roman'; color: #333333; mso-fareast-language: PT;\">Dados pessoais s\u00e3o todas as informa\u00e7\u00f5es de qualquer natureza, recolhidas em qualquer tipo de suporte, relativas a uma pessoa singular, identificada ou identific\u00e1vel. Considera-se identific\u00e1vel o conjunto de informa\u00e7\u00f5es que podem levar \u00e0 identifica\u00e7\u00e3o de uma determinada pessoa, nomeadamente por refer\u00eancia a um identificador (como por exemplo um n\u00famero de identifica\u00e7\u00e3o ou um dado de localiza\u00e7\u00e3o).<\/span><\/p>\n\t\t\t\t\t\t\t\t<\/div>\n\t\t\t\t<\/div>\n\t\t\t\t<div class=\"elementor-element elementor-element-f9a5722 elementor-widget elementor-widget-text-editor\" data-id=\"f9a5722\" data-element_type=\"widget\" data-e-type=\"widget\" data-widget_type=\"text-editor.default\">\n\t\t\t\t<div class=\"elementor-widget-container\">\n\t\t\t\t\t\t\t\t\t<b><span lang=\"EN-US\" style=\"font-size:12.0pt;\nline-height:107%;font-family:&quot;Arial&quot;,sans-serif;mso-fareast-font-family:&quot;Times New Roman&quot;;\ncolor:black;mso-ansi-language:EN-US;mso-fareast-language:PT;mso-bidi-language:\nAR-SA\">De quem recolhemos dados pessoais? <\/span><\/b>\t\t\t\t\t\t\t\t<\/div>\n\t\t\t\t<\/div>\n\t\t\t\t<div class=\"elementor-element elementor-element-a9c555c elementor-widget elementor-widget-text-editor\" data-id=\"a9c555c\" data-element_type=\"widget\" data-e-type=\"widget\" data-widget_type=\"text-editor.default\">\n\t\t\t\t<div class=\"elementor-widget-container\">\n\t\t\t\t\t\t\t\t\t<p class=\"MsoNormal\" style=\"text-align: justify; line-height: normal; margin: 9.0pt 0cm 9.0pt 0cm;\"><span style=\"font-size: 12.0pt; font-family: 'Arial',sans-serif; mso-fareast-font-family: 'Times New Roman'; color: #333333; mso-fareast-language: PT;\">O Centro de Ensino de L\u00ednguas procede sobretudo \u00e0 recolha de dados relativos a pessoas singulares e empresas, no entanto, e porque as empresas s\u00e3o necessariamente representadas por pessoas singulares recolhe os dados pessoais destes titulares.<\/span><\/p>\n\t\t\t\t\t\t\t\t<\/div>\n\t\t\t\t<\/div>\n\t\t\t\t<div class=\"elementor-element elementor-element-6f3bb07 elementor-widget elementor-widget-text-editor\" data-id=\"6f3bb07\" data-element_type=\"widget\" data-e-type=\"widget\" data-widget_type=\"text-editor.default\">\n\t\t\t\t<div class=\"elementor-widget-container\">\n\t\t\t\t\t\t\t\t\t<b><span lang=\"EN-US\" style=\"font-size:12.0pt;\nline-height:107%;font-family:&quot;Arial&quot;,sans-serif;mso-fareast-font-family:&quot;Times New Roman&quot;;\ncolor:black;mso-ansi-language:EN-US;mso-fareast-language:PT;mso-bidi-language:\nAR-SA\">Que dados pessoais tratamos e como os recolhemos?<\/span><\/b>\t\t\t\t\t\t\t\t<\/div>\n\t\t\t\t<\/div>\n\t\t\t\t<div class=\"elementor-element elementor-element-d5e32e2 elementor-widget elementor-widget-text-editor\" data-id=\"d5e32e2\" data-element_type=\"widget\" data-e-type=\"widget\" data-widget_type=\"text-editor.default\">\n\t\t\t\t<div class=\"elementor-widget-container\">\n\t\t\t\t\t\t\t\t\t<p class=\"MsoNormal\" style=\"text-align: justify; line-height: normal; margin: 9.0pt 0cm 9.0pt 0cm;\"><span style=\"font-size: 12.0pt; font-family: 'Arial',sans-serif; mso-fareast-font-family: 'Times New Roman'; color: #333333; mso-fareast-language: PT;\">O Centro de Ensino de L\u00ednguas apenas recolhe dados que se mostrem adequados, pertinentes e limitados ao que \u00e9 necess\u00e1rio relativamente \u00e0s finalidades para os quais s\u00e3o tratados.\nA recolha dos seus dados pode ser feita oralmente e por escrito (nomeadamente atrav\u00e9s de formul\u00e1rios e contratos). \n<\/span><\/p><p class=\"MsoNormal\" style=\"text-align: justify; line-height: normal; margin: 9.0pt 0cm 9.0pt 0cm;\"><span style=\"font-size: 12.0pt; font-family: 'Arial',sans-serif; mso-fareast-font-family: 'Times New Roman'; color: #333333; mso-fareast-language: PT;\">Para execu\u00e7\u00e3o das diferentes finalidades, poderemos recolher os seguintes tipos de dados pessoais:<\/span><\/p>\n<p class=\"MsoNormal\" style=\"text-align: justify; line-height: normal; margin: 9.0pt 0cm 9.0pt 0cm;\"><span style=\"font-size: 12.0pt; font-family: 'Arial',sans-serif; mso-fareast-font-family: 'Times New Roman'; color: #333333; mso-fareast-language: PT;\"> \u2022 dados de identifica\u00e7\u00e3o (como o nome, naturalidade, cart\u00e3o do cidad\u00e3o ou data de nascimento);<\/span><\/p>\n<p class=\"MsoNormal\" style=\"text-align: justify; line-height: normal; margin: 9.0pt 0cm 9.0pt 0cm;\"><span style=\"font-size: 12.0pt; font-family: 'Arial',sans-serif; mso-fareast-font-family: 'Times New Roman'; color: #333333; mso-fareast-language: PT;\"> \u2022 dados de contacto (como o telem\u00f3vel, morada ou e-mail);<\/span><\/p>\n<p class=\"MsoNormal\" style=\"text-align: justify; line-height: normal; margin: 9.0pt 0cm 9.0pt 0cm;\"><span style=\"font-size: 12.0pt; font-family: 'Arial',sans-serif; mso-fareast-font-family: 'Times New Roman'; color: #333333; mso-fareast-language: PT;\"> \u2022 dados de habilita\u00e7\u00e3o e situa\u00e7\u00e3o profissional (como n\u00edvel de escolaridade e CV);<\/span><\/p>\n<p class=\"MsoNormal\" style=\"text-align: justify; line-height: normal; margin: 9.0pt 0cm 9.0pt 0cm;\"><span style=\"font-size: 12.0pt; font-family: 'Arial',sans-serif; mso-fareast-font-family: 'Times New Roman'; color: #333333; mso-fareast-language: PT;\"> \u2022 imagens de grava\u00e7\u00e3o de eventos;<\/span><\/p>\n<p class=\"MsoNormal\" style=\"text-align: justify; line-height: normal; margin: 9.0pt 0cm 9.0pt 0cm;\"><span style=\"font-size: 12.0pt; font-family: 'Arial',sans-serif; mso-fareast-font-family: 'Times New Roman'; color: #333333; mso-fareast-language: PT;\">O Centro de Ensino de L\u00ednguas assume que os dados foram fornecidos pelo titular dos mesmos ou que este deu autoriza\u00e7\u00e3o para o efeito e presume que os mesmos s\u00e3o verdadeiros e se encontram atualizados.<\/span><\/p>\t\t\t\t\t\t\t\t<\/div>\n\t\t\t\t<\/div>\n\t\t\t\t<div class=\"elementor-element elementor-element-53e431d elementor-widget elementor-widget-text-editor\" data-id=\"53e431d\" data-element_type=\"widget\" data-e-type=\"widget\" data-widget_type=\"text-editor.default\">\n\t\t\t\t<div class=\"elementor-widget-container\">\n\t\t\t\t\t\t\t\t\t<b><span lang=\"EN-US\" style=\"font-size:12.0pt;\nline-height:107%;font-family:&quot;Arial&quot;,sans-serif;mso-fareast-font-family:&quot;Times New Roman&quot;;\ncolor:black;mso-ansi-language:EN-US;mso-fareast-language:PT;mso-bidi-language:\nAR-SA\">4. Fundamentos e Finalidades do Tratamento de Dados Pessoais<\/span><\/b>\t\t\t\t\t\t\t\t<\/div>\n\t\t\t\t<\/div>\n\t\t\t\t<div class=\"elementor-element elementor-element-9d91383 elementor-widget elementor-widget-text-editor\" data-id=\"9d91383\" data-element_type=\"widget\" data-e-type=\"widget\" data-widget_type=\"text-editor.default\">\n\t\t\t\t<div class=\"elementor-widget-container\">\n\t\t\t\t\t\t\t\t\t<p><b><span lang=\"EN-US\" style=\"font-size: 12.0pt; line-height: 107%; font-family: 'Arial',sans-serif; mso-fareast-font-family: 'Times New Roman'; color: black; mso-ansi-language: EN-US; mso-fareast-language: PT; mso-bidi-language: AR-SA;\">Porqu\u00ea e com que fundamento utilizamos os seus dados pessoais?<\/span><\/b><\/p>\t\t\t\t\t\t\t\t<\/div>\n\t\t\t\t<\/div>\n\t\t\t\t<div class=\"elementor-element elementor-element-226da1d elementor-widget elementor-widget-text-editor\" data-id=\"226da1d\" data-element_type=\"widget\" data-e-type=\"widget\" data-widget_type=\"text-editor.default\">\n\t\t\t\t<div class=\"elementor-widget-container\">\n\t\t\t\t\t\t\t\t\t<p class=\"MsoNormal\" style=\"text-align: justify; line-height: normal; margin: 9.0pt 0cm 9.0pt 0cm;\"><span style=\"font-size: 12.0pt; font-family: 'Arial',sans-serif; mso-fareast-font-family: 'Times New Roman'; color: #333333; mso-fareast-language: PT;\">Todos os dados recolhidos e tratados pelo Centro de Ensino de L\u00ednguas t\u00eam por fundamento uma das seguintes condi\u00e7\u00f5es de legitimidade:<\/span><\/p><p class=\"MsoNormal\" style=\"text-align: justify; line-height: normal; margin: 9.0pt 0cm 9.0pt 0cm;\"><span style=\"font-size: 12.0pt; font-family: 'Arial',sans-serif; mso-fareast-font-family: 'Times New Roman'; color: #333333; mso-fareast-language: PT;\">\u2022 <strong>O Consentimento<\/strong>: Quando a recolha \u00e9 precedida do seu consentimento expresso, espec\u00edfico e informado, atrav\u00e9s de suporte escrito ou via email.<br \/>Recolhemos o seu consentimento, por exemplo, para finalidades relacionadas com a inscri\u00e7\u00e3o nos cursos no Centro de Ensino de L\u00ednguas, contacto, para a subscri\u00e7\u00e3o de newsletters ou para a inscri\u00e7\u00e3o em a\u00e7\u00f5es promovidas pelo Centro de Ensino de L\u00ednguas.<br \/><\/span><\/p><p class=\"MsoNormal\" style=\"text-align: justify; line-height: normal; margin: 9.0pt 0cm 9.0pt 0cm;\"><span style=\"font-size: 12.0pt; font-family: 'Arial',sans-serif; mso-fareast-font-family: 'Times New Roman'; color: #333333; mso-fareast-language: PT;\"> \u2022 <strong>A Execu\u00e7\u00e3o de contrato ou dilig\u00eancias pr\u00e9-contratuais<\/strong>: quando o tratamento \u00e9 necess\u00e1rio para a execu\u00e7\u00e3o de um contrato no qual \u00e9 parte ou para dilig\u00eancias pr\u00e9-contratuais. <\/span><\/p><p class=\"MsoNormal\" style=\"text-align: justify; line-height: normal; margin: 9.0pt 0cm 9.0pt 0cm;\"><span style=\"font-size: 12.0pt; font-family: 'Arial',sans-serif; mso-fareast-font-family: 'Times New Roman'; color: #333333; mso-fareast-language: PT;\">\u2022 <strong>O cumprimento de obriga\u00e7\u00f5es legais<\/strong>: quando o tratamento \u00e9 necess\u00e1rio para o cumprimento de uma obriga\u00e7\u00e3o jur\u00eddica.<br \/>Aqui se inclui, por exemplo, a comunica\u00e7\u00e3o de dados junto de outros organismos p\u00fablicos (nacionais e comunit\u00e1rios), fiscais ou judiciais.<br \/><\/span><\/p>\t\t\t\t\t\t\t\t<\/div>\n\t\t\t\t<\/div>\n\t\t\t\t\t<\/div>\n\t\t<\/div>\n\t\t\t\t\t<\/div>\n\t\t<\/section>\n\t\t\t\t<section class=\"elementor-section elementor-top-section elementor-element elementor-element-a0322a8 elementor-section-full_width elementor-section-height-default elementor-section-height-default\" data-id=\"a0322a8\" data-element_type=\"section\" data-e-type=\"section\" data-settings=\"{&quot;shape_divider_bottom&quot;:&quot;wave-brush&quot;}\">\n\t\t\t\t\t<div class=\"elementor-shape elementor-shape-bottom\" aria-hidden=\"true\" data-negative=\"false\">\n\t\t\t<svg xmlns=\"http:\/\/www.w3.org\/2000\/svg\" viewBox=\"0 0 283.5 27.8\" preserveAspectRatio=\"none\">\n\t<path class=\"elementor-shape-fill\" d=\"M283.5,9.7c0,0-7.3,4.3-14,4.6c-6.8,0.3-12.6,0-20.9-1.5c-11.3-2-33.1-10.1-44.7-5.7\ts-12.1,4.6-18,7.4c-6.6,3.2-20,9.6-36.6,9.3C131.6,23.5,99.5,7.2,86.3,8c-1.4,0.1-6.6,0.8-10.5,2c-3.8,1.2-9.4,3.8-17,4.7\tc-3.2,0.4-8.3,1.1-14.2,0.9c-1.5-0.1-6.3-0.4-12-1.6c-5.7-1.2-11-3.1-15.8-3.7C6.5,9.2,0,10.8,0,10.8V0h283.5V9.7z M260.8,11.3\tc-0.7-1-2-0.4-4.3-0.4c-2.3,0-6.1-1.2-5.8-1.1c0.3,0.1,3.1,1.5,6,1.9C259.7,12.2,261.4,12.3,260.8,11.3z M242.4,8.6\tc0,0-2.4-0.2-5.6-0.9c-3.2-0.8-10.3-2.8-15.1-3.5c-8.2-1.1-15.8,0-15.1,0.1c0.8,0.1,9.6-0.6,17.6,1.1c3.3,0.7,9.3,2.2,12.4,2.7\tC239.9,8.7,242.4,8.6,242.4,8.6z M185.2,8.5c1.7-0.7-13.3,4.7-18.5,6.1c-2.1,0.6-6.2,1.6-10,2c-3.9,0.4-8.9,0.4-8.8,0.5\tc0,0.2,5.8,0.8,11.2,0c5.4-0.8,5.2-1.1,7.6-1.6C170.5,14.7,183.5,9.2,185.2,8.5z M199.1,6.9c0.2,0-0.8-0.4-4.8,1.1\tc-4,1.5-6.7,3.5-6.9,3.7c-0.2,0.1,3.5-1.8,6.6-3C197,7.5,199,6.9,199.1,6.9z M283,6c-0.1,0.1-1.9,1.1-4.8,2.5s-6.9,2.8-6.7,2.7\tc0.2,0,3.5-0.6,7.4-2.5C282.8,6.8,283.1,5.9,283,6z M31.3,11.6c0.1-0.2-1.9-0.2-4.5-1.2s-5.4-1.6-7.8-2C15,7.6,7.3,8.5,7.7,8.6\tC8,8.7,15.9,8.3,20.2,9.3c2.2,0.5,2.4,0.5,5.7,1.6S31.2,11.9,31.3,11.6z M73,9.2c0.4-0.1,3.5-1.6,8.4-2.6c4.9-1.1,8.9-0.5,8.9-0.8\tc0-0.3-1-0.9-6.2-0.3S72.6,9.3,73,9.2z M71.6,6.7C71.8,6.8,75,5.4,77.3,5c2.3-0.3,1.9-0.5,1.9-0.6c0-0.1-1.1-0.2-2.7,0.2\tC74.8,5.1,71.4,6.6,71.6,6.7z M93.6,4.4c0.1,0.2,3.5,0.8,5.6,1.8c2.1,1,1.8,0.6,1.9,0.5c0.1-0.1-0.8-0.8-2.4-1.3\tC97.1,4.8,93.5,4.2,93.6,4.4z M65.4,11.1c-0.1,0.3,0.3,0.5,1.9-0.2s2.6-1.3,2.2-1.2s-0.9,0.4-2.5,0.8C65.3,10.9,65.5,10.8,65.4,11.1\tz M34.5,12.4c-0.2,0,2.1,0.8,3.3,0.9c1.2,0.1,2,0.1,2-0.2c0-0.3-0.1-0.5-1.6-0.4C36.6,12.8,34.7,12.4,34.5,12.4z M152.2,21.1\tc-0.1,0.1-2.4-0.3-7.5-0.3c-5,0-13.6-2.4-17.2-3.5c-3.6-1.1,10,3.9,16.5,4.1C150.5,21.6,152.3,21,152.2,21.1z\"\/>\n\t<path class=\"elementor-shape-fill\" d=\"M269.6,18c-0.1-0.1-4.6,0.3-7.2,0c-7.3-0.7-17-3.2-16.6-2.9c0.4,0.3,13.7,3.1,17,3.3\tC267.7,18.8,269.7,18,269.6,18z\"\/>\n\t<path class=\"elementor-shape-fill\" d=\"M227.4,9.8c-0.2-0.1-4.5-1-9.5-1.2c-5-0.2-12.7,0.6-12.3,0.5c0.3-0.1,5.9-1.8,13.3-1.2\tS227.6,9.9,227.4,9.8z\"\/>\n\t<path class=\"elementor-shape-fill\" d=\"M204.5,13.4c-0.1-0.1,2-1,3.2-1.1c1.2-0.1,2,0,2,0.3c0,0.3-0.1,0.5-1.6,0.4\tC206.4,12.9,204.6,13.5,204.5,13.4z\"\/>\n\t<path class=\"elementor-shape-fill\" d=\"M201,10.6c0-0.1-4.4,1.2-6.3,2.2c-1.9,0.9-6.2,3.1-6.1,3.1c0.1,0.1,4.2-1.6,6.3-2.6\tS201,10.7,201,10.6z\"\/>\n\t<path class=\"elementor-shape-fill\" d=\"M154.5,26.7c-0.1-0.1-4.6,0.3-7.2,0c-7.3-0.7-17-3.2-16.6-2.9c0.4,0.3,13.7,3.1,17,3.3\tC152.6,27.5,154.6,26.8,154.5,26.7z\"\/>\n\t<path class=\"elementor-shape-fill\" d=\"M41.9,19.3c0,0,1.2-0.3,2.9-0.1c1.7,0.2,5.8,0.9,8.2,0.7c4.2-0.4,7.4-2.7,7-2.6\tc-0.4,0-4.3,2.2-8.6,1.9c-1.8-0.1-5.1-0.5-6.7-0.4S41.9,19.3,41.9,19.3z\"\/>\n\t<path class=\"elementor-shape-fill\" d=\"M75.5,12.6c0.2,0.1,2-0.8,4.3-1.1c2.3-0.2,2.1-0.3,2.1-0.5c0-0.1-1.8-0.4-3.4,0\tC76.9,11.5,75.3,12.5,75.5,12.6z\"\/>\n\t<path class=\"elementor-shape-fill\" d=\"M15.6,13.2c0-0.1,4.3,0,6.7,0.5c2.4,0.5,5,1.9,5,2c0,0.1-2.7-0.8-5.1-1.4\tC19.9,13.7,15.7,13.3,15.6,13.2z\"\/>\n<\/svg>\t\t<\/div>\n\t\t\t\t\t<div class=\"elementor-container elementor-column-gap-default\">\n\t\t\t\t\t<div class=\"elementor-column elementor-col-100 elementor-top-column elementor-element elementor-element-a7eae51\" data-id=\"a7eae51\" data-element_type=\"column\" data-e-type=\"column\">\n\t\t\t<div class=\"elementor-widget-wrap\">\n\t\t\t\t\t\t\t<\/div>\n\t\t<\/div>\n\t\t\t\t\t<\/div>\n\t\t<\/section>\n\t\t\t\t<\/div>\n\t\t","protected":false},"excerpt":{"rendered":"<p>Pol\u00edtica de privacidade e seguran\u00e7a do Centro de Ensino de L\u00ednguas1. Compromisso O Centro de Ensino de L\u00ednguas, Lda sempre se pautou pelo respeito pela sua privacidade. Nesse sentido, convidamo-lo a ler a nossa Pol\u00edtica de Privacidade que descreve como tratamos os seus dados pessoais e como pode exercer os seus direitos enquanto titular de &hellip; <\/p>\n<p class=\"link-more\"><a href=\"https:\/\/www.shakespeares.pt\/library\/info\/\" class=\"more-link\">Continuar a ler <span class=\"screen-reader-text\">&#8220;Info&#8221;<\/span><\/a><\/p>\n","protected":false},"author":1,"featured_media":0,"parent":0,"menu_order":0,"comment_status":"closed","ping_status":"closed","template":"elementor_header_footer","meta":{"footnotes":""},"class_list":["post-30","page","type-page","status-publish","hentry"],"jetpack_sharing_enabled":true,"_links":{"self":[{"href":"https:\/\/www.shakespeares.pt\/library\/wp-json\/wp\/v2\/pages\/30","targetHints":{"allow":["GET"]}}],"collection":[{"href":"https:\/\/www.shakespeares.pt\/library\/wp-json\/wp\/v2\/pages"}],"about":[{"href":"https:\/\/www.shakespeares.pt\/library\/wp-json\/wp\/v2\/types\/page"}],"author":[{"embeddable":true,"href":"https:\/\/www.shakespeares.pt\/library\/wp-json\/wp\/v2\/users\/1"}],"replies":[{"embeddable":true,"href":"https:\/\/www.shakespeares.pt\/library\/wp-json\/wp\/v2\/comments?post=30"}],"version-history":[{"count":23,"href":"https:\/\/www.shakespeares.pt\/library\/wp-json\/wp\/v2\/pages\/30\/revisions"}],"predecessor-version":[{"id":1545,"href":"https:\/\/www.shakespeares.pt\/library\/wp-json\/wp\/v2\/pages\/30\/revisions\/1545"}],"wp:attachment":[{"href":"https:\/\/www.shakespeares.pt\/library\/wp-json\/wp\/v2\/media?parent=30"}],"curies":[{"name":"wp","href":"https:\/\/api.w.org\/{rel}","templated":true}]}}